{"id":62,"date":"2025-03-30T16:47:18","date_gmt":"2025-03-30T16:47:18","guid":{"rendered":"https:\/\/soulmed.online\/?page_id=62"},"modified":"2025-04-18T11:33:47","modified_gmt":"2025-04-18T11:33:47","slug":"willkommen-in-der-praxis-fuer-psychosomatische-medizin-und-psychotherapie","status":"publish","type":"page","link":"https:\/\/soulmed.online\/","title":{"rendered":"SOULmed"},"content":{"rendered":"\n<h2 class=\"wp-block-heading\">Willkommen<\/h2>\n\n\n\n<p>in der Praxis f\u00fcr Psychosomatische Medizin und Psychotherapie<\/p>\n\n\n\n<div class=\"wp-block-media-text is-stacked-on-mobile\"><figure class=\"wp-block-media-text__media\"><img loading=\"lazy\" decoding=\"async\" width=\"768\" height=\"1024\" src=\"https:\/\/soulmed.online\/wp-content\/uploads\/2025\/04\/IMG_1081-768x1024.jpeg\" alt=\"\" class=\"wp-image-81 size-full\" srcset=\"https:\/\/soulmed.online\/wp-content\/uploads\/2025\/04\/IMG_1081-768x1024.jpeg 768w, https:\/\/soulmed.online\/wp-content\/uploads\/2025\/04\/IMG_1081-225x300.jpeg 225w, https:\/\/soulmed.online\/wp-content\/uploads\/2025\/04\/IMG_1081.jpeg 960w\" sizes=\"auto, (max-width: 767px) 89vw, (max-width: 1000px) 54vw, (max-width: 1071px) 543px, 580px\" \/><\/figure><div class=\"wp-block-media-text__content\">\n<p>Herzlich Willkommen auf der Homepage meiner Praxis! Mein Name ist Sandra Kienle, Fach\u00e4rztin f\u00fcr Psychosomatische Medizin und Psychotherapie. In meiner Praxis biete ich Ihnen einen gesch\u00fctzten Raum, in dem Sie sich \u00f6ffnen und Ihre Anliegen besprechen k\u00f6nnen.<\/p>\n\n\n\n<p><\/p>\n\n\n\n<p><\/p>\n<\/div><\/div>\n\n\n\n<p><strong>Evidenzbasierte Verfahren<\/strong><\/p>\n\n\n\n<p>Die psychosomatische Medizin erm\u00f6glicht die Wechselwirkungen zwischen K\u00f6rper, Seele und Geist zu verstehen und zu behandeln. K\u00f6rperliche Erkrankungen, k\u00f6nnen die Seele beeintr\u00e4chtigen und umgekehrt seelische Probleme zu k\u00f6rperlichen Beschwerden f\u00fchren. Dies kann einen hohen Leidensdruck verursachen, wodurch der betroffene Mensch in seinem Alltag nicht mehr zurecht kommt und Hilfe ben\u00f6tigt.<\/p>\n\n\n\n<p>Ich arbeite mit Verfahren, die auf wissenschaftlichen Erkenntnissen beruhen (evidenzbasiert). Ob es um Stressbew\u00e4ltigung, Angstst\u00f6rungen, Depressionen oder klassischen psychosomatische Beschwerden geht \u2013 gemeinsam entwickeln wir individuelle Therapieans\u00e4tze, die auf Ihre Bed\u00fcrfnisse abgestimmt sind. <br><\/p>\n\n\n\n<p><strong>Bibelbasierte Beratung f\u00fcr Christen<\/strong><\/p>\n\n\n\n<p>Zus\u00e4tzlich zu den klassischen therapeutischen Methoden biete ich eine besondere Form der Unterst\u00fctzung an: die bibelbasierte Beratung f\u00fcr Christen. Diese Beratung verbindet psychotherapeutische Ans\u00e4tze mit biblischen Prinzipien und Werten. Hierbei m\u00f6chte ich Ihnen helfen, Ihren Glauben als Ressource in schwierigen Lebenssituationen zu nutzen und spirituelle Fragen in den therapeutischen Prozess einzubeziehen. Dies gilt auch wenn Menschen im christlichen Kontext Leid erfahren haben, es f\u00e4llt ihnen dann verst\u00e4ndlicherweise schwer, Vertrauen zu fassen, oder aus ihrem pers\u00f6nlichen Glauben an Christus zu sch\u00f6pfen.<\/p>\n\n\n\n<p><\/p>\n\n\n\n<p><strong>Mein Ansatz<\/strong><\/p>\n\n\n\n<p>Ich glaube daran, dass jeder Mensch einzigartig ist und daher auch individuelle L\u00f6sungen ben\u00f6tigt. In einem vertrauensvollen Umfeld erarbeiten wir gemeinsam Strategien zur Bew\u00e4ltigung Ihrer Herausforderungen. Mein Ziel ist es, Sie auf Ihrem Weg zu mehr innerer Balance und Lebensqualit\u00e4t zu begleiten.<\/p>\n\n\n\n<p><\/p>\n\n\n\n<p><strong>Kontaktieren Sie mich<\/strong><\/p>\n\n\n\n<p>Wenn Sie Fragen haben oder einen Termin vereinbaren m\u00f6chten, kontaktieren Sie mich gerne. Ich freue mich darauf, Sie kennenzulernen und gemeinsam an Ihren Zielen zu arbeiten.<\/p>\n\n\n\n<p>Herzlichst,<br>Sandra Kienle<br>Fach\u00e4rztin f\u00fcr Psychosomatische Medizin und Psychotherapie \/\/ Gesundheitsf\u00f6rderung und Pr\u00e4vention&nbsp;\/\/ Ern\u00e4hrungsmedizin<\/p>\n\n\n\n<p><\/p>\n\n\n\n<div class=\"wp-block-media-text is-stacked-on-mobile\"><figure class=\"wp-block-media-text__media\"><\/figure><div class=\"wp-block-media-text__content\">\n<p><\/p>\n<\/div><\/div>\n\n\n\n<p><\/p>\n","protected":false},"excerpt":{"rendered":"<p>Willkommen in der Praxis f\u00fcr Psychosomatische Medizin und Psychotherapie Herzlich Willkommen auf der Homepage meiner Praxis! Mein Name ist Sandra Kienle, Fach\u00e4rztin f\u00fcr Psychosomatische Medizin und Psychotherapie. In meiner Praxis biete ich Ihnen einen gesch\u00fctzten Raum, in dem Sie sich \u00f6ffnen und Ihre Anliegen besprechen k\u00f6nnen. Evidenzbasierte Verfahren Die psychosomatische Medizin erm\u00f6glicht die Wechselwirkungen zwischen &hellip; <\/p>\n<p class=\"link-more\"><a href=\"https:\/\/soulmed.online\/\" class=\"more-link\"><span class=\"screen-reader-text\">\u201eSOULmed\u201c <\/span>weiterlesen<\/a><\/p>\n","protected":false},"author":1,"featured_media":0,"parent":0,"menu_order":0,"comment_status":"closed","ping_status":"closed","template":"","meta":{"footnotes":""},"class_list":["post-62","page","type-page","status-publish","hentry"],"_links":{"self":[{"href":"https:\/\/soulmed.online\/index.php?rest_route=\/wp\/v2\/pages\/62","targetHints":{"allow":["GET"]}}],"collection":[{"href":"https:\/\/soulmed.online\/index.php?rest_route=\/wp\/v2\/pages"}],"about":[{"href":"https:\/\/soulmed.online\/index.php?rest_route=\/wp\/v2\/types\/page"}],"author":[{"embeddable":true,"href":"https:\/\/soulmed.online\/index.php?rest_route=\/wp\/v2\/users\/1"}],"replies":[{"embeddable":true,"href":"https:\/\/soulmed.online\/index.php?rest_route=%2Fwp%2Fv2%2Fcomments&post=62"}],"version-history":[{"count":13,"href":"https:\/\/soulmed.online\/index.php?rest_route=\/wp\/v2\/pages\/62\/revisions"}],"predecessor-version":[{"id":132,"href":"https:\/\/soulmed.online\/index.php?rest_route=\/wp\/v2\/pages\/62\/revisions\/132"}],"wp:attachment":[{"href":"https:\/\/soulmed.online\/index.php?rest_route=%2Fwp%2Fv2%2Fmedia&parent=62"}],"curies":[{"name":"wp","href":"https:\/\/api.w.org\/{rel}","templated":true}]}}